{"id":101,"date":"2021-04-15T07:50:37","date_gmt":"2021-04-15T07:50:37","guid":{"rendered":"https:\/\/murphykazbegi.com\/tur\/?page_id=101"},"modified":"2021-04-16T06:15:59","modified_gmt":"2021-04-16T06:15:59","slug":"11-subat-2016-tarihli-n203-sayili-karar","status":"publish","type":"page","link":"https:\/\/murphykazbegi.com\/tur\/11-subat-2016-tarihli-n203-sayili-karar\/","title":{"rendered":"11 \u015eubat 2016 tarihli  N203 say\u0131l\u0131 karar"},"content":{"rendered":"","protected":false},"excerpt":{"rendered":"","protected":false},"author":1,"featured_media":0,"parent":0,"menu_order":0,"comment_status":"closed","ping_status":"closed","template":"","meta":{"footnotes":""},"class_list":["post-101","page","type-page","status-publish","hentry"],"_links":{"self":[{"href":"https:\/\/murphykazbegi.com\/tur\/wp-json\/wp\/v2\/pages\/101","targetHints":{"allow":["GET"]}}],"collection":[{"href":"https:\/\/murphykazbegi.com\/tur\/wp-json\/wp\/v2\/pages"}],"about":[{"href":"https:\/\/murphykazbegi.com\/tur\/wp-json\/wp\/v2\/types\/page"}],"author":[{"embeddable":true,"href":"https:\/\/murphykazbegi.com\/tur\/wp-json\/wp\/v2\/users\/1"}],"replies":[{"embeddable":true,"href":"https:\/\/murphykazbegi.com\/tur\/wp-json\/wp\/v2\/comments?post=101"}],"version-history":[{"count":1,"href":"https:\/\/murphykazbegi.com\/tur\/wp-json\/wp\/v2\/pages\/101\/revisions"}],"predecessor-version":[{"id":103,"href":"https:\/\/murphykazbegi.com\/tur\/wp-json\/wp\/v2\/pages\/101\/revisions\/103"}],"wp:attachment":[{"href":"https:\/\/murphykazbegi.com\/tur\/wp-json\/wp\/v2\/media?parent=101"}],"curies":[{"name":"wp","href":"https:\/\/api.w.org\/{rel}","templated":true}]}}